{"id":972,"date":"2021-02-23T15:50:49","date_gmt":"2021-02-23T20:50:49","guid":{"rendered":"https:\/\/ecomares.org\/web\/?page_id=972"},"modified":"2021-08-02T15:21:30","modified_gmt":"2021-08-02T20:21:30","slug":"lineas-de-accion","status":"publish","type":"page","link":"https:\/\/ecomares.org\/en\/lineas-de-accion\/","title":{"rendered":"Areas of Action"},"content":{"rendered":"<div data-elementor-type=\"wp-page\" data-elementor-id=\"972\" class=\"elementor elementor-972\" data-elementor-post-type=\"page\">\n\t\t\t\t\t\t\t\t\t<section class=\"elementor-section elementor-top-section elementor-element elementor-element-faab899 elementor-section-full_width elementor-section-height-min-height elementor-section-height-default elementor-section-items-middle\" data-id=\"faab899\" data-element_type=\"section\" data-settings=\"{&quot;background_background&quot;:&quot;classic&quot;}\">\n\t\t\t\t\t\t<div class=\"elementor-container elementor-column-gap-no\">\n\t\t\t\t\t<div class=\"elementor-column elementor-col-100 elementor-top-column elementor-element elementor-element-732353e2\" data-id=\"732353e2\" data-element_type=\"column\">\n\t\t\t<div class=\"elementor-widget-wrap elementor-element-populated\">\n\t\t\t\t\t\t\t\t\t<\/div>\n\t\t<\/div>\n\t\t\t\t\t\t\t<\/div>\n\t\t<\/section>\n\t\t\t\t<section class=\"elementor-section elementor-top-section elementor-element elementor-element-4a59f687 elementor-section-full_width elementor-section-height-default elementor-section-height-default\" data-id=\"4a59f687\" data-element_type=\"section\">\n\t\t\t\t\t\t<div class=\"elementor-container elementor-column-gap-no\">\n\t\t\t\t\t<div class=\"elementor-column elementor-col-100 elementor-top-column elementor-element elementor-element-305cee45\" data-id=\"305cee45\" data-element_type=\"column\">\n\t\t\t<div class=\"elementor-widget-wrap\">\n\t\t\t\t\t\t\t\t\t<\/div>\n\t\t<\/div>\n\t\t\t\t\t\t\t<\/div>\n\t\t<\/section>\n\t\t\t\t<section class=\"elementor-section elementor-top-section elementor-element elementor-element-ddf614a elementor-section-full_width elementor-section-height-min-height elementor-section-content-middle elementor-section-height-default elementor-section-items-middle\" data-id=\"ddf614a\" data-element_type=\"section\">\n\t\t\t\t\t\t<div class=\"elementor-container elementor-column-gap-no\">\n\t\t\t\t\t<div class=\"elementor-column elementor-col-25 elementor-top-column elementor-element elementor-element-5d18bf8\" data-id=\"5d18bf8\" data-element_type=\"column\">\n\t\t\t<div class=\"elementor-widget-wrap elementor-element-populated\">\n\t\t\t\t\t\t\t\t<div class=\"elementor-element elementor-element-85bdbf2 elementor-widget elementor-widget-image\" data-id=\"85bdbf2\" data-element_type=\"widget\" data-widget_type=\"image.default\">\n\t\t\t\t<div class=\"elementor-widget-container\">\n\t\t\t\t\t\t\t\t\t\t\t\t\t\t\t\t<a href=\"\/en\/investigacion-cientifica\/\">\n\t\t\t\t\t\t\t<img decoding=\"async\" loading=\"lazy\" width=\"300\" height=\"300\" src=\"https:\/\/ecomares.org\/wp-content\/uploads\/2021\/03\/GH011148_1605210471844-01-01-1-square-300x300.jpeg\" class=\"attachment-medium size-medium wp-image-1314\" alt=\"\" srcset=\"https:\/\/ecomares.org\/wp-content\/uploads\/2021\/03\/GH011148_1605210471844-01-01-1-square-300x300.jpeg 300w, https:\/\/ecomares.org\/wp-content\/uploads\/2021\/03\/GH011148_1605210471844-01-01-1-square-1024x1024.jpeg 1024w, https:\/\/ecomares.org\/wp-content\/uploads\/2021\/03\/GH011148_1605210471844-01-01-1-square-150x150.jpeg 150w, https:\/\/ecomares.org\/wp-content\/uploads\/2021\/03\/GH011148_1605210471844-01-01-1-square-768x768.jpeg 768w, https:\/\/ecomares.org\/wp-content\/uploads\/2021\/03\/GH011148_1605210471844-01-01-1-square-1536x1536.jpeg 1536w, https:\/\/ecomares.org\/wp-content\/uploads\/2021\/03\/GH011148_1605210471844-01-01-1-square-2048x2048.jpeg 2048w\" sizes=\"(max-width: 300px) 100vw, 300px\" \/>\t\t\t\t\t\t\t\t<\/a>\n\t\t\t\t\t\t\t\t\t\t\t\t\t\t\t<\/div>\n\t\t\t\t<\/div>\n\t\t\t\t<div class=\"elementor-element elementor-element-b3cd3ed elementor-widget__width-inherit elementor-widget elementor-widget-text-editor\" data-id=\"b3cd3ed\" data-element_type=\"widget\" data-widget_type=\"text-editor.default\">\n\t\t\t\t<div class=\"elementor-widget-container\">\n\t\t\t\t\t\t\t<p style=\"text-align: center;\">SCIENTIFIC<br \/>RESEARCH<\/p>\t\t\t\t\t\t<\/div>\n\t\t\t\t<\/div>\n\t\t\t\t\t<\/div>\n\t\t<\/div>\n\t\t\t\t<div class=\"elementor-column elementor-col-25 elementor-top-column elementor-element elementor-element-f13b3fa\" data-id=\"f13b3fa\" data-element_type=\"column\">\n\t\t\t<div class=\"elementor-widget-wrap elementor-element-populated\">\n\t\t\t\t\t\t\t\t<div class=\"elementor-element elementor-element-0d00bc6 elementor-widget elementor-widget-image\" data-id=\"0d00bc6\" data-element_type=\"widget\" data-widget_type=\"image.default\">\n\t\t\t\t<div class=\"elementor-widget-container\">\n\t\t\t\t\t\t\t\t\t\t\t\t\t\t\t\t<a href=\"\/en\/conservacion-y-uso-sostenible-de-la-biodiversidad\/\">\n\t\t\t\t\t\t\t<img decoding=\"async\" loading=\"lazy\" width=\"300\" height=\"300\" src=\"https:\/\/ecomares.org\/wp-content\/uploads\/2021\/06\/conservacion-square-300x300.jpg\" class=\"attachment-medium size-medium wp-image-1325\" alt=\"Conservaci\u00f3n y uso sostenible de la biodiversidad\" srcset=\"https:\/\/ecomares.org\/wp-content\/uploads\/2021\/06\/conservacion-square-300x300.jpg 300w, https:\/\/ecomares.org\/wp-content\/uploads\/2021\/06\/conservacion-square-1024x1024.jpg 1024w, https:\/\/ecomares.org\/wp-content\/uploads\/2021\/06\/conservacion-square-150x150.jpg 150w, https:\/\/ecomares.org\/wp-content\/uploads\/2021\/06\/conservacion-square-768x768.jpg 768w, https:\/\/ecomares.org\/wp-content\/uploads\/2021\/06\/conservacion-square-1536x1536.jpg 1536w, https:\/\/ecomares.org\/wp-content\/uploads\/2021\/06\/conservacion-square-2048x2048.jpg 2048w\" sizes=\"(max-width: 300px) 100vw, 300px\" \/>\t\t\t\t\t\t\t\t<\/a>\n\t\t\t\t\t\t\t\t\t\t\t\t\t\t\t<\/div>\n\t\t\t\t<\/div>\n\t\t\t\t<div class=\"elementor-element elementor-element-b4e6751 elementor-widget__width-inherit elementor-widget elementor-widget-text-editor\" data-id=\"b4e6751\" data-element_type=\"widget\" data-widget_type=\"text-editor.default\">\n\t\t\t\t<div class=\"elementor-widget-container\">\n\t\t\t\t\t\t\t<p style=\"text-align: center;\">CONSERVATION AND<br \/>SUSTAINABLE USE<br \/>OF BIODIVERSITY<\/p>\t\t\t\t\t\t<\/div>\n\t\t\t\t<\/div>\n\t\t\t\t\t<\/div>\n\t\t<\/div>\n\t\t\t\t<div class=\"elementor-column elementor-col-25 elementor-top-column elementor-element elementor-element-7bb5c13\" data-id=\"7bb5c13\" data-element_type=\"column\">\n\t\t\t<div class=\"elementor-widget-wrap elementor-element-populated\">\n\t\t\t\t\t\t\t\t<div class=\"elementor-element elementor-element-378b4ff elementor-widget elementor-widget-image\" data-id=\"378b4ff\" data-element_type=\"widget\" data-widget_type=\"image.default\">\n\t\t\t\t<div class=\"elementor-widget-container\">\n\t\t\t\t\t\t\t\t\t\t\t\t\t\t\t\t<a href=\"\/en\/restauracion-de-habitats-y-ecosistemas\/\">\n\t\t\t\t\t\t\t<img decoding=\"async\" loading=\"lazy\" width=\"300\" height=\"300\" src=\"https:\/\/ecomares.org\/wp-content\/uploads\/2021\/06\/restauraci\u00f3n-square-300x300.jpg\" class=\"attachment-medium size-medium wp-image-1327\" alt=\"Restauraci\u00f3n de h\u00e1bitats y ecosistemas\" srcset=\"https:\/\/ecomares.org\/wp-content\/uploads\/2021\/06\/restauraci\u00f3n-square-300x300.jpg 300w, https:\/\/ecomares.org\/wp-content\/uploads\/2021\/06\/restauraci\u00f3n-square-1024x1024.jpg 1024w, https:\/\/ecomares.org\/wp-content\/uploads\/2021\/06\/restauraci\u00f3n-square-150x150.jpg 150w, https:\/\/ecomares.org\/wp-content\/uploads\/2021\/06\/restauraci\u00f3n-square-768x768.jpg 768w, https:\/\/ecomares.org\/wp-content\/uploads\/2021\/06\/restauraci\u00f3n-square-1536x1536.jpg 1536w, https:\/\/ecomares.org\/wp-content\/uploads\/2021\/06\/restauraci\u00f3n-square-2048x2048.jpg 2048w\" sizes=\"(max-width: 300px) 100vw, 300px\" \/>\t\t\t\t\t\t\t\t<\/a>\n\t\t\t\t\t\t\t\t\t\t\t\t\t\t\t<\/div>\n\t\t\t\t<\/div>\n\t\t\t\t<div class=\"elementor-element elementor-element-f24aedb elementor-widget__width-inherit elementor-widget elementor-widget-text-editor\" data-id=\"f24aedb\" data-element_type=\"widget\" data-widget_type=\"text-editor.default\">\n\t\t\t\t<div class=\"elementor-widget-container\">\n\t\t\t\t\t\t\t<p style=\"text-align: center;\">HABITATS AND<br \/>ECOSYSTEMS<br \/>RESTORATION<\/p>\t\t\t\t\t\t<\/div>\n\t\t\t\t<\/div>\n\t\t\t\t\t<\/div>\n\t\t<\/div>\n\t\t\t\t<div class=\"elementor-column elementor-col-25 elementor-top-column elementor-element elementor-element-d2bd0dc\" data-id=\"d2bd0dc\" data-element_type=\"column\">\n\t\t\t<div class=\"elementor-widget-wrap elementor-element-populated\">\n\t\t\t\t\t\t\t\t<div class=\"elementor-element elementor-element-83c558e elementor-widget elementor-widget-image\" data-id=\"83c558e\" data-element_type=\"widget\" data-widget_type=\"image.default\">\n\t\t\t\t<div class=\"elementor-widget-container\">\n\t\t\t\t\t\t\t\t\t\t\t\t\t\t\t\t<a href=\"\/en\/educacion-ambiental-y-divulgacion\/\">\n\t\t\t\t\t\t\t<img decoding=\"async\" loading=\"lazy\" width=\"300\" height=\"300\" src=\"https:\/\/ecomares.org\/wp-content\/uploads\/2021\/06\/educaci\u00f3n-square-300x300.jpg\" class=\"attachment-medium size-medium wp-image-1323\" alt=\"Educaci\u00f3n ambiental y divulgaci\u00f3n\" srcset=\"https:\/\/ecomares.org\/wp-content\/uploads\/2021\/06\/educaci\u00f3n-square-300x300.jpg 300w, https:\/\/ecomares.org\/wp-content\/uploads\/2021\/06\/educaci\u00f3n-square-1024x1024.jpg 1024w, https:\/\/ecomares.org\/wp-content\/uploads\/2021\/06\/educaci\u00f3n-square-150x150.jpg 150w, https:\/\/ecomares.org\/wp-content\/uploads\/2021\/06\/educaci\u00f3n-square-768x768.jpg 768w, https:\/\/ecomares.org\/wp-content\/uploads\/2021\/06\/educaci\u00f3n-square-1536x1536.jpg 1536w, https:\/\/ecomares.org\/wp-content\/uploads\/2021\/06\/educaci\u00f3n-square-2048x2048.jpg 2048w\" sizes=\"(max-width: 300px) 100vw, 300px\" \/>\t\t\t\t\t\t\t\t<\/a>\n\t\t\t\t\t\t\t\t\t\t\t\t\t\t\t<\/div>\n\t\t\t\t<\/div>\n\t\t\t\t<div class=\"elementor-element elementor-element-0b3e3d6 elementor-widget__width-inherit elementor-widget elementor-widget-text-editor\" data-id=\"0b3e3d6\" data-element_type=\"widget\" data-widget_type=\"text-editor.default\">\n\t\t\t\t<div class=\"elementor-widget-container\">\n\t\t\t\t\t\t\t<p style=\"text-align: center;\">ENVIRONMENTAL<br \/>EDUCATION<br \/>AND OUTREACH<\/p>\t\t\t\t\t\t<\/div>\n\t\t\t\t<\/div>\n\t\t\t\t\t<\/div>\n\t\t<\/div>\n\t\t\t\t\t\t\t<\/div>\n\t\t<\/section>\n\t\t\t\t\t\t\t<\/div>","protected":false},"excerpt":{"rendered":"<p>INVESTIGACI\u00d3N CIENT\u00cdFICA CONSERVACI\u00d3N Y USO SOSTENIBLE DE LA BIODIVERSIDAD RESTAURACI\u00d3N DE H\u00c1BITATS Y ECOSISTEMAS EDUCACI\u00d3N AMBIENTAL Y DIVULGACI\u00d3N<\/p>","protected":false},"author":3,"featured_media":223,"parent":0,"menu_order":0,"comment_status":"closed","ping_status":"closed","template":"","meta":{"site-sidebar-layout":"no-sidebar","site-content-layout":"page-builder","ast-site-content-layout":"","site-content-style":"default","site-sidebar-style":"default","ast-global-header-display":"","ast-banner-title-visibility":"","ast-main-header-display":"","ast-hfb-above-header-display":"","ast-hfb-below-header-display":"","ast-hfb-mobile-header-display":"","site-post-title":"disabled","ast-breadcrumbs-content":"","ast-featured-img":"disabled","footer-sml-layout":"","theme-transparent-header-meta":"default","adv-header-id-meta":"","stick-header-meta":"","header-above-stick-meta":"","header-main-stick-meta":"","header-below-stick-meta":"","astra-migrate-meta-layouts":"","footnotes":""},"_links":{"self":[{"href":"https:\/\/ecomares.org\/en\/wp-json\/wp\/v2\/pages\/972"}],"collection":[{"href":"https:\/\/ecomares.org\/en\/wp-json\/wp\/v2\/pages"}],"about":[{"href":"https:\/\/ecomares.org\/en\/wp-json\/wp\/v2\/types\/page"}],"author":[{"embeddable":true,"href":"https:\/\/ecomares.org\/en\/wp-json\/wp\/v2\/users\/3"}],"replies":[{"embeddable":true,"href":"https:\/\/ecomares.org\/en\/wp-json\/wp\/v2\/comments?post=972"}],"version-history":[{"count":0,"href":"https:\/\/ecomares.org\/en\/wp-json\/wp\/v2\/pages\/972\/revisions"}],"wp:featuredmedia":[{"embeddable":true,"href":"https:\/\/ecomares.org\/en\/wp-json\/wp\/v2\/media\/223"}],"wp:attachment":[{"href":"https:\/\/ecomares.org\/en\/wp-json\/wp\/v2\/media?parent=972"}],"curies":[{"name":"wp","href":"https:\/\/api.w.org\/{rel}","templated":true}]}}