{"id":1950,"date":"2025-12-11T05:38:43","date_gmt":"2025-12-11T10:38:43","guid":{"rendered":"https:\/\/ecomares.org\/?page_id=1950"},"modified":"2025-12-11T05:38:47","modified_gmt":"2025-12-11T10:38:47","slug":"protegiendo-el-mar-y-sus-ecosistemas-marinos-contra-los-peligros-de-las-artes-de-pesca-fantasma-y-otros-desechos-generados-por-el-ser-humano","status":"publish","type":"page","link":"https:\/\/ecomares.org\/en\/proyectos\/protegiendo-el-mar-y-sus-ecosistemas-marinos-contra-los-peligros-de-las-artes-de-pesca-fantasma-y-otros-desechos-generados-por-el-ser-humano\/","title":{"rendered":"Protecting the sea and its marine ecosystems from the threats posed by ghost fishing gear and other human-generated waste."},"content":{"rendered":"<p>Since 2023, the Guardians of the Sea\u2014a group of 13 people (9 men and 4 women) from the municipality of Nuqu\u00ed\u2014have been dedicated to removing lost, abandoned, or discarded fishing gear (known as \u201cghost fishing\u201d) from the reefs of the Gulf of Tribug\u00e1, in the northern Colombian Pacific. Ghost fishing threatens marine biodiversity and directly affects more than 7,000 residents across nine coastal communities that depend on artisanal fisheries and tourism.<\/p>\n\n\n\n<p>The Guardians of the Sea group was established in Nuqu\u00ed in response to a local initiative by the K\u00e1kiri Diving Center, which since 2013 has been working to combat the impacts of ghost fishing gear in the Gulf of Tribug\u00e1 and restore the rocky reefs by training local divers. In 2022, with the support of Ecomares, the initiative evolved into a community training project aimed at raising awareness about the damage abandoned fishing gear causes to marine ecosystems, artisanal fisheries, and tourism. In particular, the local rocky reefs\u2014locally known as riscales\u2014are essential habitats for fish species and serve as breeding and cleaning areas for migratory animals such as humpback whales, making the 60,000 hectares of the Gulf of Tribug\u00e1 a site of high ecological and touristic value.<\/p>\n\n\n\n<p>The accumulation of ghost fishing gear degrades ecosystems and reduces their capacity to provide ecosystem services, such as supplying food to local populations. This degradation increases the vulnerability of communities to climate change by limiting access to fishery resources and restricting economic opportunities linked to tourism.<\/p>\n\n\n\n<p>On September 19, 2025, the Sea Guardians of the Gulf of Tribug\u00e1 were legally established as an association. To continue advancing their mission, they plan to improve their organisational structure based on a sustainable business model, with community work at its core. This new step will enable them to establish partnerships with NGOs, government institutions, and research centers interested in underwater clean-ups, scientific studies, and environmental awareness campaigns in Nuqu\u00ed and surrounding areas. Their new financial plan aims to recognise the value of their work as diving guides and allocate a significant portion of their income to a savings fund typically used for emergency operations.\u00a0<\/p>\n\n\n\n<p>With the support of a grant from the International Climate Initiative (IKI), Ecomares aims to strengthen the Sea Guardians by providing training in management and leadership and promoting gender equity. To this end, a training call will be launched specifically for women from the municipality of Nuqu\u00ed. Participants will have the opportunity to join the Sea Guardians team upon completing the training. The project seeks to consolidate a local initiative with high environmental and social impact, ensuring that the Sea Guardians remain active, functional, and capable of long-term self-sustainability.<\/p>","protected":false},"excerpt":{"rendered":"<p>Desde 2023, los Guardianes del Mar, un grupo conformado por 13 personas (9 hombres y 4 mujeres) del municipio de Nuqu\u00ed, se dedican a retirar artes de pesca perdidas, abandonadas o descartadas\u00a0 (denominadas \u201cpesca fantasma\u201d) en los arrecifes del Golfo de Tribug\u00e1, norte del Pac\u00edfico colombiano. La \u201cpesca fantasma\u201d amenaza la biodiversidad marina y afecta &hellip;<\/p>\n<p class=\"read-more\"> <a class=\"\" href=\"https:\/\/ecomares.org\/en\/proyectos\/protegiendo-el-mar-y-sus-ecosistemas-marinos-contra-los-peligros-de-las-artes-de-pesca-fantasma-y-otros-desechos-generados-por-el-ser-humano\/\"> <span class=\"screen-reader-text\">Protecting the sea and its marine ecosystems from the threats posed by ghost fishing gear and other human-generated waste.<\/span> Read More &raquo;<\/a><\/p>","protected":false},"author":3,"featured_media":1933,"parent":987,"menu_order":0,"comment_status":"closed","ping_status":"closed","template":"","meta":{"site-sidebar-layout":"default","site-content-layout":"","ast-site-content-layout":"default","site-content-style":"default","site-sidebar-style":"default","ast-global-header-display":"","ast-banner-title-visibility":"","ast-main-header-display":"","ast-hfb-above-header-display":"","ast-hfb-below-header-display":"","ast-hfb-mobile-header-display":"","site-post-title":"","ast-breadcrumbs-content":"","ast-featured-img":"","footer-sml-layout":"","theme-transparent-header-meta":"","adv-header-id-meta":"","stick-header-meta":"","header-above-stick-meta":"","header-main-stick-meta":"","header-below-stick-meta":"","astra-migrate-meta-layouts":"set","footnotes":""},"_links":{"self":[{"href":"https:\/\/ecomares.org\/en\/wp-json\/wp\/v2\/pages\/1950"}],"collection":[{"href":"https:\/\/ecomares.org\/en\/wp-json\/wp\/v2\/pages"}],"about":[{"href":"https:\/\/ecomares.org\/en\/wp-json\/wp\/v2\/types\/page"}],"author":[{"embeddable":true,"href":"https:\/\/ecomares.org\/en\/wp-json\/wp\/v2\/users\/3"}],"replies":[{"embeddable":true,"href":"https:\/\/ecomares.org\/en\/wp-json\/wp\/v2\/comments?post=1950"}],"version-history":[{"count":1,"href":"https:\/\/ecomares.org\/en\/wp-json\/wp\/v2\/pages\/1950\/revisions"}],"predecessor-version":[{"id":1951,"href":"https:\/\/ecomares.org\/en\/wp-json\/wp\/v2\/pages\/1950\/revisions\/1951"}],"up":[{"embeddable":true,"href":"https:\/\/ecomares.org\/en\/wp-json\/wp\/v2\/pages\/987"}],"wp:featuredmedia":[{"embeddable":true,"href":"https:\/\/ecomares.org\/en\/wp-json\/wp\/v2\/media\/1933"}],"wp:attachment":[{"href":"https:\/\/ecomares.org\/en\/wp-json\/wp\/v2\/media?parent=1950"}],"curies":[{"name":"wp","href":"https:\/\/api.w.org\/{rel}","templated":true}]}}