{"id":1932,"date":"2025-12-11T04:24:40","date_gmt":"2025-12-11T09:24:40","guid":{"rendered":"https:\/\/ecomares.org\/?page_id=1932"},"modified":"2025-12-11T05:40:02","modified_gmt":"2025-12-11T10:40:02","slug":"los-guardianes-del-mar-inician-una-nueva-etapa-en-nuqui-con-el-apoyo-de-giz-iki","status":"publish","type":"page","link":"https:\/\/ecomares.org\/en\/los-guardianes-del-mar-inician-una-nueva-etapa-en-nuqui-con-el-apoyo-de-giz-iki\/","title":{"rendered":"The Guardians of the SEA are entering a new phase in Nuqu\u00ed with the support of GIZ\u2013IKI."},"content":{"rendered":"<p>Ecomares is launching a new project to strengthen the work of the Sea Guardians of the Gulf of Tribug\u00e1, a community-led initiative based in Nuqu\u00ed that works on the removal of ghost fishing gear and the protection of marine reefs in the northern Colombian Pacific.<\/p>\n\n\n\n<p>Since 2023, the Sea Guardians have removed lost, abandoned, or discarded fishing gear from the reefs of the Gulf of Tribug\u00e1, contributing to the conservation of key ecosystems\u2014known locally as riscales\u2014and to the wellbeing of more than 7,000 people who depend on artisanal fisheries and tourism.<\/p>\n\n\n\n<p>With the support of the International Climate Initiative (IKI), through GIZ, this new project aims to consolidate the organisation of the Sea Guardians, strengthen their management and leadership capacities, and promote gender equity through the launch of a training call targeted at women from the municipality of Nuqu\u00ed. The objective is to ensure the long-term sustainability of a local initiative with high environmental and social impact.<\/p>\n\n\n\n<p class=\"has-text-align-right\"><a href=\"https:\/\/ecomares.org\/en\/proyectos\/protegiendo-el-mar-y-sus-ecosistemas-marinos-contra-los-peligros-de-las-artes-de-pesca-fantasma-y-otros-desechos-generados-por-el-ser-humano\/\">Read more<\/a><\/p>","protected":false},"excerpt":{"rendered":"<p>Ecomares inicia un nuevo proyecto para fortalecer el trabajo de los Guardianes del Mar del Golfo de Tribug\u00e1, una iniciativa comunitaria liderada desde Nuqu\u00ed que trabaja en la remoci\u00f3n de artes de pesca fantasma y en la protecci\u00f3n de los arrecifes marinos del norte del Pac\u00edfico colombiano. Desde 2023, los Guardianes del Mar han retirado &hellip;<\/p>\n<p class=\"read-more\"> <a class=\"\" href=\"https:\/\/ecomares.org\/en\/los-guardianes-del-mar-inician-una-nueva-etapa-en-nuqui-con-el-apoyo-de-giz-iki\/\"> <span class=\"screen-reader-text\">The Guardians of the SEA are entering a new phase in Nuqu\u00ed with the support of GIZ\u2013IKI.<\/span> Read More &raquo;<\/a><\/p>","protected":false},"author":3,"featured_media":1933,"parent":0,"menu_order":0,"comment_status":"closed","ping_status":"closed","template":"","meta":{"site-sidebar-layout":"default","site-content-layout":"","ast-site-content-layout":"default","site-content-style":"default","site-sidebar-style":"default","ast-global-header-display":"","ast-banner-title-visibility":"","ast-main-header-display":"","ast-hfb-above-header-display":"","ast-hfb-below-header-display":"","ast-hfb-mobile-header-display":"","site-post-title":"","ast-breadcrumbs-content":"","ast-featured-img":"","footer-sml-layout":"","theme-transparent-header-meta":"","adv-header-id-meta":"","stick-header-meta":"","header-above-stick-meta":"","header-main-stick-meta":"","header-below-stick-meta":"","astra-migrate-meta-layouts":"set","footnotes":""},"_links":{"self":[{"href":"https:\/\/ecomares.org\/en\/wp-json\/wp\/v2\/pages\/1932"}],"collection":[{"href":"https:\/\/ecomares.org\/en\/wp-json\/wp\/v2\/pages"}],"about":[{"href":"https:\/\/ecomares.org\/en\/wp-json\/wp\/v2\/types\/page"}],"author":[{"embeddable":true,"href":"https:\/\/ecomares.org\/en\/wp-json\/wp\/v2\/users\/3"}],"replies":[{"embeddable":true,"href":"https:\/\/ecomares.org\/en\/wp-json\/wp\/v2\/comments?post=1932"}],"version-history":[{"count":5,"href":"https:\/\/ecomares.org\/en\/wp-json\/wp\/v2\/pages\/1932\/revisions"}],"predecessor-version":[{"id":1952,"href":"https:\/\/ecomares.org\/en\/wp-json\/wp\/v2\/pages\/1932\/revisions\/1952"}],"wp:featuredmedia":[{"embeddable":true,"href":"https:\/\/ecomares.org\/en\/wp-json\/wp\/v2\/media\/1933"}],"wp:attachment":[{"href":"https:\/\/ecomares.org\/en\/wp-json\/wp\/v2\/media?parent=1932"}],"curies":[{"name":"wp","href":"https:\/\/api.w.org\/{rel}","templated":true}]}}