{"id":1332,"date":"2021-06-26T14:40:21","date_gmt":"2021-06-26T19:40:21","guid":{"rendered":"https:\/\/ecomares.org\/?page_id=1332"},"modified":"2021-06-26T14:52:09","modified_gmt":"2021-06-26T19:52:09","slug":"quienes-somos","status":"publish","type":"page","link":"https:\/\/ecomares.org\/en\/quienes-somos\/","title":{"rendered":"About Us"},"content":{"rendered":"<div data-elementor-type=\"wp-page\" data-elementor-id=\"1332\" class=\"elementor elementor-1332\" data-elementor-post-type=\"page\">\n\t\t\t\t\t\t\t\t\t<section class=\"elementor-section elementor-top-section elementor-element elementor-element-1edd75e elementor-section-full_width elementor-section-height-min-height elementor-section-height-default elementor-section-items-middle\" data-id=\"1edd75e\" data-element_type=\"section\" data-settings=\"{&quot;background_background&quot;:&quot;classic&quot;}\">\n\t\t\t\t\t\t<div class=\"elementor-container elementor-column-gap-no\">\n\t\t\t\t\t<div class=\"elementor-column elementor-col-100 elementor-top-column elementor-element elementor-element-7b03c996\" data-id=\"7b03c996\" data-element_type=\"column\">\n\t\t\t<div class=\"elementor-widget-wrap elementor-element-populated\">\n\t\t\t\t\t\t\t\t\t<\/div>\n\t\t<\/div>\n\t\t\t\t\t\t\t<\/div>\n\t\t<\/section>\n\t\t\t\t<section class=\"elementor-section elementor-top-section elementor-element elementor-element-7859685c elementor-section-full_width elementor-section-height-default elementor-section-height-default\" data-id=\"7859685c\" data-element_type=\"section\">\n\t\t\t\t\t\t<div class=\"elementor-container elementor-column-gap-no\">\n\t\t\t\t\t<div class=\"elementor-column elementor-col-100 elementor-top-column elementor-element elementor-element-482276b\" data-id=\"482276b\" data-element_type=\"column\">\n\t\t\t<div class=\"elementor-widget-wrap\">\n\t\t\t\t\t\t\t\t\t<\/div>\n\t\t<\/div>\n\t\t\t\t\t\t\t<\/div>\n\t\t<\/section>\n\t\t\t\t<section class=\"elementor-section elementor-top-section elementor-element elementor-element-54f5341 elementor-section-boxed elementor-section-height-default elementor-section-height-default\" data-id=\"54f5341\" data-element_type=\"section\">\n\t\t\t\t\t\t<div class=\"elementor-container elementor-column-gap-default\">\n\t\t\t\t\t<div class=\"elementor-column elementor-col-50 elementor-top-column elementor-element elementor-element-510f597\" data-id=\"510f597\" data-element_type=\"column\">\n\t\t\t<div class=\"elementor-widget-wrap elementor-element-populated\">\n\t\t\t\t\t\t\t\t<div class=\"elementor-element elementor-element-cf23a17 elementor-widget elementor-widget-text-editor\" data-id=\"cf23a17\" data-element_type=\"widget\" data-widget_type=\"text-editor.default\">\n\t\t\t\t<div class=\"elementor-widget-container\">\n\t\t\t\t\t\t\t<p>The Foundation for Marine Biological Research and Conservation ECOMARES is a non-governmental organization (NGO), with an environmental focus and non-profit status, established in 2009 in the city of Cali, Colombia. Its mission is to contribute to the research, conservation, and restoration of biological diversity, particularly in marine ecosystems. Its members have worked as educators, researchers, natural resource managers, and conservationists, both in Colombia and internationally, in countries such as Panama, Costa Rica, the United States, the Netherlands, Belgium, Germany, and South Africa, among others. <\/p>\t\t\t\t\t\t<\/div>\n\t\t\t\t<\/div>\n\t\t\t\t\t<\/div>\n\t\t<\/div>\n\t\t\t\t<div class=\"elementor-column elementor-col-50 elementor-top-column elementor-element elementor-element-c75ddd8\" data-id=\"c75ddd8\" data-element_type=\"column\">\n\t\t\t<div class=\"elementor-widget-wrap elementor-element-populated\">\n\t\t\t\t\t\t\t\t<div class=\"elementor-element elementor-element-a95d15e elementor-widget elementor-widget-image\" data-id=\"a95d15e\" data-element_type=\"widget\" data-widget_type=\"image.default\">\n\t\t\t\t<div class=\"elementor-widget-container\">\n\t\t\t\t\t\t\t\t\t\t\t\t\t\t\t<img decoding=\"async\" loading=\"lazy\" width=\"768\" height=\"432\" src=\"https:\/\/ecomares.org\/wp-content\/uploads\/2020\/07\/GH011148_1605210471844-01-01-768x432.jpeg\" class=\"attachment-medium_large size-medium_large wp-image-834\" alt=\"Monitoreo de arrecifes\" srcset=\"https:\/\/ecomares.org\/wp-content\/uploads\/2020\/07\/GH011148_1605210471844-01-01-768x432.jpeg 768w, https:\/\/ecomares.org\/wp-content\/uploads\/2020\/07\/GH011148_1605210471844-01-01-300x169.jpeg 300w, https:\/\/ecomares.org\/wp-content\/uploads\/2020\/07\/GH011148_1605210471844-01-01-1024x576.jpeg 1024w, https:\/\/ecomares.org\/wp-content\/uploads\/2020\/07\/GH011148_1605210471844-01-01-1536x864.jpeg 1536w, https:\/\/ecomares.org\/wp-content\/uploads\/2020\/07\/GH011148_1605210471844-01-01-2048x1152.jpeg 2048w\" sizes=\"(max-width: 768px) 100vw, 768px\" \/>\t\t\t\t\t\t\t\t\t\t\t\t\t\t\t<\/div>\n\t\t\t\t<\/div>\n\t\t\t\t\t<\/div>\n\t\t<\/div>\n\t\t\t\t\t\t\t<\/div>\n\t\t<\/section>\n\t\t\t\t<section class=\"elementor-section elementor-top-section elementor-element elementor-element-88719d6 elementor-section-boxed elementor-section-height-default elementor-section-height-default\" data-id=\"88719d6\" data-element_type=\"section\">\n\t\t\t\t\t\t<div class=\"elementor-container elementor-column-gap-default\">\n\t\t\t\t\t<div class=\"elementor-column elementor-col-50 elementor-top-column elementor-element elementor-element-a647266\" data-id=\"a647266\" data-element_type=\"column\">\n\t\t\t<div class=\"elementor-widget-wrap elementor-element-populated\">\n\t\t\t\t\t\t\t\t<div class=\"elementor-element elementor-element-ac3250a elementor-widget elementor-widget-heading\" data-id=\"ac3250a\" data-element_type=\"widget\" data-widget_type=\"heading.default\">\n\t\t\t\t<div class=\"elementor-widget-container\">\n\t\t\t<h2 class=\"elementor-heading-title elementor-size-default\">Mision<\/h2>\t\t<\/div>\n\t\t\t\t<\/div>\n\t\t\t\t<div class=\"elementor-element elementor-element-2d37b3f elementor-widget elementor-widget-text-editor\" data-id=\"2d37b3f\" data-element_type=\"widget\" data-widget_type=\"text-editor.default\">\n\t\t\t\t<div class=\"elementor-widget-container\">\n\t\t\t\t\t\t\t<p>Our mission is to manage, research, restore, and educate in order to promote the conservation and sustainable use of marine and coastal ecosystems.<\/p>\t\t\t\t\t\t<\/div>\n\t\t\t\t<\/div>\n\t\t\t\t\t<\/div>\n\t\t<\/div>\n\t\t\t\t<div class=\"elementor-column elementor-col-50 elementor-top-column elementor-element elementor-element-a3aa412\" data-id=\"a3aa412\" data-element_type=\"column\">\n\t\t\t<div class=\"elementor-widget-wrap elementor-element-populated\">\n\t\t\t\t\t\t\t\t<div class=\"elementor-element elementor-element-e7c1172 elementor-widget elementor-widget-heading\" data-id=\"e7c1172\" data-element_type=\"widget\" data-widget_type=\"heading.default\">\n\t\t\t\t<div class=\"elementor-widget-container\">\n\t\t\t<h2 class=\"elementor-heading-title elementor-size-default\">Vision<\/h2>\t\t<\/div>\n\t\t\t\t<\/div>\n\t\t\t\t<div class=\"elementor-element elementor-element-f81314a elementor-widget elementor-widget-text-editor\" data-id=\"f81314a\" data-element_type=\"widget\" data-widget_type=\"text-editor.default\">\n\t\t\t\t<div class=\"elementor-widget-container\">\n\t\t\t\t\t\t\t<p>Our vision is to be an organization recognized nationally and internationally for the exceptional quality of our work, our professional expertise, and our dynamic approach, making a positive impact on the knowledge, conservation, and sustainable use of marine and coastal ecosystems.<\/p>\t\t\t\t\t\t<\/div>\n\t\t\t\t<\/div>\n\t\t\t\t\t<\/div>\n\t\t<\/div>\n\t\t\t\t\t\t\t<\/div>\n\t\t<\/section>\n\t\t\t\t\t\t\t<\/div>","protected":false},"excerpt":{"rendered":"<p>La Fundaci\u00f3n para la Investigaci\u00f3n y Conservaci\u00f3n Biol\u00f3gica Marina ECOMARES es una Organizaci\u00f3n No Gubernamental (ONG), de caracter ambiental y sin \u00e1nimo de lucro, establecida en 2009 en la ciudad de Cali (Colombia) con el fin de contribuir a la investigaci\u00f3n, conservaci\u00f3n y restauraci\u00f3n de la diversidad biol\u00f3gica, especialmente de los ecosistemas marinos. Sus miembros &hellip;<\/p>\n<p class=\"read-more\"> <a class=\"\" href=\"https:\/\/ecomares.org\/en\/quienes-somos\/\"> <span class=\"screen-reader-text\">About Us<\/span> Read More &raquo;<\/a><\/p>","protected":false},"author":3,"featured_media":221,"parent":0,"menu_order":0,"comment_status":"closed","ping_status":"closed","template":"","meta":{"site-sidebar-layout":"no-sidebar","site-content-layout":"page-builder","ast-site-content-layout":"","site-content-style":"default","site-sidebar-style":"default","ast-global-header-display":"","ast-banner-title-visibility":"","ast-main-header-display":"","ast-hfb-above-header-display":"","ast-hfb-below-header-display":"","ast-hfb-mobile-header-display":"","site-post-title":"disabled","ast-breadcrumbs-content":"","ast-featured-img":"disabled","footer-sml-layout":"","theme-transparent-header-meta":"default","adv-header-id-meta":"","stick-header-meta":"","header-above-stick-meta":"","header-main-stick-meta":"","header-below-stick-meta":"","astra-migrate-meta-layouts":"","footnotes":""},"_links":{"self":[{"href":"https:\/\/ecomares.org\/en\/wp-json\/wp\/v2\/pages\/1332"}],"collection":[{"href":"https:\/\/ecomares.org\/en\/wp-json\/wp\/v2\/pages"}],"about":[{"href":"https:\/\/ecomares.org\/en\/wp-json\/wp\/v2\/types\/page"}],"author":[{"embeddable":true,"href":"https:\/\/ecomares.org\/en\/wp-json\/wp\/v2\/users\/3"}],"replies":[{"embeddable":true,"href":"https:\/\/ecomares.org\/en\/wp-json\/wp\/v2\/comments?post=1332"}],"version-history":[{"count":0,"href":"https:\/\/ecomares.org\/en\/wp-json\/wp\/v2\/pages\/1332\/revisions"}],"wp:featuredmedia":[{"embeddable":true,"href":"https:\/\/ecomares.org\/en\/wp-json\/wp\/v2\/media\/221"}],"wp:attachment":[{"href":"https:\/\/ecomares.org\/en\/wp-json\/wp\/v2\/media?parent=1332"}],"curies":[{"name":"wp","href":"https:\/\/api.w.org\/{rel}","templated":true}]}}