{"id":1192,"date":"2021-03-06T15:30:16","date_gmt":"2021-03-06T20:30:16","guid":{"rendered":"https:\/\/ecomares.org\/web\/?page_id=1192"},"modified":"2021-03-17T21:10:04","modified_gmt":"2021-03-18T02:10:04","slug":"educacion-ambiental-y-divulgacion","status":"publish","type":"page","link":"https:\/\/ecomares.org\/en\/lineas-de-accion\/educacion-ambiental-y-divulgacion\/","title":{"rendered":"Environmental Education and Outreach"},"content":{"rendered":"<div data-elementor-type=\"wp-page\" data-elementor-id=\"1192\" class=\"elementor elementor-1192\" data-elementor-post-type=\"page\">\n\t\t\t\t\t\t\t\t\t<section class=\"elementor-section elementor-top-section elementor-element elementor-element-faab899 elementor-section-full_width elementor-section-height-min-height elementor-section-height-default elementor-section-items-middle\" data-id=\"faab899\" data-element_type=\"section\" data-settings=\"{&quot;background_background&quot;:&quot;classic&quot;}\">\n\t\t\t\t\t\t<div class=\"elementor-container elementor-column-gap-no\">\n\t\t\t\t\t<div class=\"elementor-column elementor-col-100 elementor-top-column elementor-element elementor-element-732353e2\" data-id=\"732353e2\" data-element_type=\"column\">\n\t\t\t<div class=\"elementor-widget-wrap elementor-element-populated\">\n\t\t\t\t\t\t\t\t\t<\/div>\n\t\t<\/div>\n\t\t\t\t\t\t\t<\/div>\n\t\t<\/section>\n\t\t\t\t<section class=\"elementor-section elementor-top-section elementor-element elementor-element-4a59f687 elementor-section-full_width elementor-section-height-default elementor-section-height-default\" data-id=\"4a59f687\" data-element_type=\"section\">\n\t\t\t\t\t\t<div class=\"elementor-container elementor-column-gap-no\">\n\t\t\t\t\t<div class=\"elementor-column elementor-col-100 elementor-top-column elementor-element elementor-element-305cee45\" data-id=\"305cee45\" data-element_type=\"column\">\n\t\t\t<div class=\"elementor-widget-wrap\">\n\t\t\t\t\t\t\t\t\t<\/div>\n\t\t<\/div>\n\t\t\t\t\t\t\t<\/div>\n\t\t<\/section>\n\t\t\t\t<section class=\"elementor-section elementor-top-section elementor-element elementor-element-88719d6 elementor-section-boxed elementor-section-height-default elementor-section-height-default\" data-id=\"88719d6\" data-element_type=\"section\">\n\t\t\t\t\t\t<div class=\"elementor-container elementor-column-gap-default\">\n\t\t\t\t\t<div class=\"elementor-column elementor-col-50 elementor-top-column elementor-element elementor-element-a647266\" data-id=\"a647266\" data-element_type=\"column\">\n\t\t\t<div class=\"elementor-widget-wrap elementor-element-populated\">\n\t\t\t\t\t\t\t\t<div class=\"elementor-element elementor-element-69be55b elementor-widget elementor-widget-image\" data-id=\"69be55b\" data-element_type=\"widget\" data-widget_type=\"image.default\">\n\t\t\t\t<div class=\"elementor-widget-container\">\n\t\t\t\t\t\t\t\t\t\t\t\t\t\t\t<img decoding=\"async\" loading=\"lazy\" width=\"768\" height=\"611\" src=\"https:\/\/ecomares.org\/wp-content\/uploads\/2021\/03\/IMG_20191022_145800_edit-768x611.jpg\" class=\"attachment-medium_large size-medium_large wp-image-1248\" alt=\"\" srcset=\"https:\/\/ecomares.org\/wp-content\/uploads\/2021\/03\/IMG_20191022_145800_edit-768x611.jpg 768w, https:\/\/ecomares.org\/wp-content\/uploads\/2021\/03\/IMG_20191022_145800_edit-300x239.jpg 300w, https:\/\/ecomares.org\/wp-content\/uploads\/2021\/03\/IMG_20191022_145800_edit-1024x814.jpg 1024w, https:\/\/ecomares.org\/wp-content\/uploads\/2021\/03\/IMG_20191022_145800_edit-1536x1222.jpg 1536w, https:\/\/ecomares.org\/wp-content\/uploads\/2021\/03\/IMG_20191022_145800_edit-2048x1629.jpg 2048w\" sizes=\"(max-width: 768px) 100vw, 768px\" \/>\t\t\t\t\t\t\t\t\t\t\t\t\t\t\t<\/div>\n\t\t\t\t<\/div>\n\t\t\t\t\t<\/div>\n\t\t<\/div>\n\t\t\t\t<div class=\"elementor-column elementor-col-50 elementor-top-column elementor-element elementor-element-a3aa412\" data-id=\"a3aa412\" data-element_type=\"column\">\n\t\t\t<div class=\"elementor-widget-wrap elementor-element-populated\">\n\t\t\t\t\t\t\t\t<div class=\"elementor-element elementor-element-e7c1172 elementor-widget elementor-widget-heading\" data-id=\"e7c1172\" data-element_type=\"widget\" data-widget_type=\"heading.default\">\n\t\t\t\t<div class=\"elementor-widget-container\">\n\t\t\t<h2 class=\"elementor-heading-title elementor-size-default\">Environmental Education and Outreach<\/h2>\t\t<\/div>\n\t\t\t\t<\/div>\n\t\t\t\t<div class=\"elementor-element elementor-element-f81314a elementor-widget elementor-widget-text-editor\" data-id=\"f81314a\" data-element_type=\"widget\" data-widget_type=\"text-editor.default\">\n\t\t\t\t<div class=\"elementor-widget-container\">\n\t\t\t\t\t\t\t<p>This component involves various activities aimed at raising awareness among a broader audience about the results of the Foundation's work or that of its allies, as well as relevant information for the conservation of marine biodiversity. Within this component, the Foundation has contributed to the organization of training workshops, symposia, and academic conferences. Additionally, we have collaborated in the design and production of digital and printed materials to promote environmental education among natural resource users and other stakeholders who can influence their conservation.\u00a0<\/p>\t\t\t\t\t\t<\/div>\n\t\t\t\t<\/div>\n\t\t\t\t\t<\/div>\n\t\t<\/div>\n\t\t\t\t\t\t\t<\/div>\n\t\t<\/section>\n\t\t\t\t\t\t\t<\/div>","protected":false},"excerpt":{"rendered":"<p>Educaci\u00f3n ambiental y divulgaci\u00f3n Este componente involucra diversas actividades enfocadas a dar a conocer a una mayor audiencia los resultados del trabajo propio de la Fundaci\u00f3n o de sus aliados, as\u00ed como informaci\u00f3n que sea relevante para la conservaci\u00f3n de la biodiversidad marina. Dentro de este componente, la Fundaci\u00f3n ha contribuido a la realizaci\u00f3n de &hellip;<\/p>\n<p class=\"read-more\"> <a class=\"\" href=\"https:\/\/ecomares.org\/en\/lineas-de-accion\/educacion-ambiental-y-divulgacion\/\"> <span class=\"screen-reader-text\">Environmental Education and Outreach<\/span> Read More &raquo;<\/a><\/p>","protected":false},"author":3,"featured_media":223,"parent":972,"menu_order":0,"comment_status":"closed","ping_status":"closed","template":"","meta":{"site-sidebar-layout":"no-sidebar","site-content-layout":"page-builder","ast-site-content-layout":"","site-content-style":"default","site-sidebar-style":"default","ast-global-header-display":"","ast-banner-title-visibility":"","ast-main-header-display":"","ast-hfb-above-header-display":"","ast-hfb-below-header-display":"","ast-hfb-mobile-header-display":"","site-post-title":"disabled","ast-breadcrumbs-content":"","ast-featured-img":"disabled","footer-sml-layout":"","theme-transparent-header-meta":"default","adv-header-id-meta":"","stick-header-meta":"","header-above-stick-meta":"","header-main-stick-meta":"","header-below-stick-meta":"","astra-migrate-meta-layouts":"","footnotes":""},"_links":{"self":[{"href":"https:\/\/ecomares.org\/en\/wp-json\/wp\/v2\/pages\/1192"}],"collection":[{"href":"https:\/\/ecomares.org\/en\/wp-json\/wp\/v2\/pages"}],"about":[{"href":"https:\/\/ecomares.org\/en\/wp-json\/wp\/v2\/types\/page"}],"author":[{"embeddable":true,"href":"https:\/\/ecomares.org\/en\/wp-json\/wp\/v2\/users\/3"}],"replies":[{"embeddable":true,"href":"https:\/\/ecomares.org\/en\/wp-json\/wp\/v2\/comments?post=1192"}],"version-history":[{"count":0,"href":"https:\/\/ecomares.org\/en\/wp-json\/wp\/v2\/pages\/1192\/revisions"}],"up":[{"embeddable":true,"href":"https:\/\/ecomares.org\/en\/wp-json\/wp\/v2\/pages\/972"}],"wp:featuredmedia":[{"embeddable":true,"href":"https:\/\/ecomares.org\/en\/wp-json\/wp\/v2\/media\/223"}],"wp:attachment":[{"href":"https:\/\/ecomares.org\/en\/wp-json\/wp\/v2\/media?parent=1192"}],"curies":[{"name":"wp","href":"https:\/\/api.w.org\/{rel}","templated":true}]}}