{"id":1188,"date":"2021-03-06T15:27:42","date_gmt":"2021-03-06T20:27:42","guid":{"rendered":"https:\/\/ecomares.org\/web\/?page_id=1188"},"modified":"2021-03-17T21:09:26","modified_gmt":"2021-03-18T02:09:26","slug":"restauracion-de-habitats-y-ecosistemas","status":"publish","type":"page","link":"https:\/\/ecomares.org\/en\/lineas-de-accion\/restauracion-de-habitats-y-ecosistemas\/","title":{"rendered":"Restoration of habitats and ecosystems"},"content":{"rendered":"<div data-elementor-type=\"wp-page\" data-elementor-id=\"1188\" class=\"elementor elementor-1188\" data-elementor-post-type=\"page\">\n\t\t\t\t\t\t\t\t\t<section class=\"elementor-section elementor-top-section elementor-element elementor-element-faab899 elementor-section-full_width elementor-section-height-min-height elementor-section-height-default elementor-section-items-middle\" data-id=\"faab899\" data-element_type=\"section\" data-settings=\"{&quot;background_background&quot;:&quot;classic&quot;}\">\n\t\t\t\t\t\t<div class=\"elementor-container elementor-column-gap-no\">\n\t\t\t\t\t<div class=\"elementor-column elementor-col-100 elementor-top-column elementor-element elementor-element-732353e2\" data-id=\"732353e2\" data-element_type=\"column\">\n\t\t\t<div class=\"elementor-widget-wrap elementor-element-populated\">\n\t\t\t\t\t\t\t\t\t<\/div>\n\t\t<\/div>\n\t\t\t\t\t\t\t<\/div>\n\t\t<\/section>\n\t\t\t\t<section class=\"elementor-section elementor-top-section elementor-element elementor-element-4a59f687 elementor-section-full_width elementor-section-height-default elementor-section-height-default\" data-id=\"4a59f687\" data-element_type=\"section\">\n\t\t\t\t\t\t<div class=\"elementor-container elementor-column-gap-no\">\n\t\t\t\t\t<div class=\"elementor-column elementor-col-100 elementor-top-column elementor-element elementor-element-305cee45\" data-id=\"305cee45\" data-element_type=\"column\">\n\t\t\t<div class=\"elementor-widget-wrap\">\n\t\t\t\t\t\t\t\t\t<\/div>\n\t\t<\/div>\n\t\t\t\t\t\t\t<\/div>\n\t\t<\/section>\n\t\t\t\t<section class=\"elementor-section elementor-top-section elementor-element elementor-element-88719d6 elementor-section-boxed elementor-section-height-default elementor-section-height-default\" data-id=\"88719d6\" data-element_type=\"section\">\n\t\t\t\t\t\t<div class=\"elementor-container elementor-column-gap-default\">\n\t\t\t\t\t<div class=\"elementor-column elementor-col-50 elementor-top-column elementor-element elementor-element-a647266\" data-id=\"a647266\" data-element_type=\"column\">\n\t\t\t<div class=\"elementor-widget-wrap elementor-element-populated\">\n\t\t\t\t\t\t\t\t<div class=\"elementor-element elementor-element-69be55b elementor-widget elementor-widget-image\" data-id=\"69be55b\" data-element_type=\"widget\" data-widget_type=\"image.default\">\n\t\t\t\t<div class=\"elementor-widget-container\">\n\t\t\t\t\t\t\t\t\t\t\t\t\t\t\t<img decoding=\"async\" loading=\"lazy\" width=\"1024\" height=\"768\" src=\"https:\/\/ecomares.org\/wp-content\/uploads\/2021\/03\/P2230030-1024x768.jpg\" class=\"attachment-large size-large wp-image-1246\" alt=\"\" srcset=\"https:\/\/ecomares.org\/wp-content\/uploads\/2021\/03\/P2230030-1024x768.jpg 1024w, https:\/\/ecomares.org\/wp-content\/uploads\/2021\/03\/P2230030-300x225.jpg 300w, https:\/\/ecomares.org\/wp-content\/uploads\/2021\/03\/P2230030-768x576.jpg 768w, https:\/\/ecomares.org\/wp-content\/uploads\/2021\/03\/P2230030-1536x1152.jpg 1536w, https:\/\/ecomares.org\/wp-content\/uploads\/2021\/03\/P2230030-2048x1536.jpg 2048w\" sizes=\"(max-width: 1024px) 100vw, 1024px\" \/>\t\t\t\t\t\t\t\t\t\t\t\t\t\t\t<\/div>\n\t\t\t\t<\/div>\n\t\t\t\t\t<\/div>\n\t\t<\/div>\n\t\t\t\t<div class=\"elementor-column elementor-col-50 elementor-top-column elementor-element elementor-element-a3aa412\" data-id=\"a3aa412\" data-element_type=\"column\">\n\t\t\t<div class=\"elementor-widget-wrap elementor-element-populated\">\n\t\t\t\t\t\t\t\t<div class=\"elementor-element elementor-element-e617eca elementor-widget elementor-widget-heading\" data-id=\"e617eca\" data-element_type=\"widget\" data-widget_type=\"heading.default\">\n\t\t\t\t<div class=\"elementor-widget-container\">\n\t\t\t<h2 class=\"elementor-heading-title elementor-size-default\">Restoration of habitats and ecosystems<\/h2>\t\t<\/div>\n\t\t\t\t<\/div>\n\t\t\t\t<div class=\"elementor-element elementor-element-ebaabf2 elementor-widget elementor-widget-text-editor\" data-id=\"ebaabf2\" data-element_type=\"widget\" data-widget_type=\"text-editor.default\">\n\t\t\t\t<div class=\"elementor-widget-container\">\n\t\t\t\t\t\t\t<p>Environmental changes, especially ecosystem degradation, are occurring at a speed that makes traditional conservation measures (e.g., creating nature reserves) ineffective in the recovery of ecosystems, their biodiversity, and ecosystem services. Currently, ecological restoration is considered the best alternative to begin the recovery of ecosystems. In this regard, ECOMARES has members specialized in this component, capable of proposing and developing ecosystem restoration projects and programs, including the development of environmental compensation programs. We also have the experience to train people on this topic through courses and workshops.<\/p>\t\t\t\t\t\t<\/div>\n\t\t\t\t<\/div>\n\t\t\t\t\t<\/div>\n\t\t<\/div>\n\t\t\t\t\t\t\t<\/div>\n\t\t<\/section>\n\t\t\t\t\t\t\t<\/div>","protected":false},"excerpt":{"rendered":"<p>Restauraci\u00f3n de h\u00e1bitats y ecosistemas Los cambios ambientales, especialmente la degradaci\u00f3n de los ecosistemas, est\u00e1 ocurriendo a una velocidad que hace que las medidas tradicionales de conservaci\u00f3n (p. ej., crear reservas naturales) no est\u00e9n resultando en la recuperaci\u00f3n de los ecosistemas, su biodiversidad y servicios ecosist\u00e9micos. En la actualidad la restauraci\u00f3n ecol\u00f3gica es considerada como &hellip;<\/p>\n<p class=\"read-more\"> <a class=\"\" href=\"https:\/\/ecomares.org\/en\/lineas-de-accion\/restauracion-de-habitats-y-ecosistemas\/\"> <span class=\"screen-reader-text\">Restoration of habitats and ecosystems<\/span> Read More &raquo;<\/a><\/p>","protected":false},"author":3,"featured_media":223,"parent":972,"menu_order":0,"comment_status":"closed","ping_status":"closed","template":"","meta":{"site-sidebar-layout":"no-sidebar","site-content-layout":"page-builder","ast-site-content-layout":"","site-content-style":"default","site-sidebar-style":"default","ast-global-header-display":"","ast-banner-title-visibility":"","ast-main-header-display":"","ast-hfb-above-header-display":"","ast-hfb-below-header-display":"","ast-hfb-mobile-header-display":"","site-post-title":"disabled","ast-breadcrumbs-content":"","ast-featured-img":"disabled","footer-sml-layout":"","theme-transparent-header-meta":"default","adv-header-id-meta":"","stick-header-meta":"","header-above-stick-meta":"","header-main-stick-meta":"","header-below-stick-meta":"","astra-migrate-meta-layouts":"","footnotes":""},"_links":{"self":[{"href":"https:\/\/ecomares.org\/en\/wp-json\/wp\/v2\/pages\/1188"}],"collection":[{"href":"https:\/\/ecomares.org\/en\/wp-json\/wp\/v2\/pages"}],"about":[{"href":"https:\/\/ecomares.org\/en\/wp-json\/wp\/v2\/types\/page"}],"author":[{"embeddable":true,"href":"https:\/\/ecomares.org\/en\/wp-json\/wp\/v2\/users\/3"}],"replies":[{"embeddable":true,"href":"https:\/\/ecomares.org\/en\/wp-json\/wp\/v2\/comments?post=1188"}],"version-history":[{"count":0,"href":"https:\/\/ecomares.org\/en\/wp-json\/wp\/v2\/pages\/1188\/revisions"}],"up":[{"embeddable":true,"href":"https:\/\/ecomares.org\/en\/wp-json\/wp\/v2\/pages\/972"}],"wp:featuredmedia":[{"embeddable":true,"href":"https:\/\/ecomares.org\/en\/wp-json\/wp\/v2\/media\/223"}],"wp:attachment":[{"href":"https:\/\/ecomares.org\/en\/wp-json\/wp\/v2\/media?parent=1188"}],"curies":[{"name":"wp","href":"https:\/\/api.w.org\/{rel}","templated":true}]}}