{"id":1183,"date":"2021-03-06T15:24:58","date_gmt":"2021-03-06T20:24:58","guid":{"rendered":"https:\/\/ecomares.org\/web\/?page_id=1183"},"modified":"2021-03-17T21:08:37","modified_gmt":"2021-03-18T02:08:37","slug":"conservacion-y-uso-sostenible-de-la-biodiversidad","status":"publish","type":"page","link":"https:\/\/ecomares.org\/en\/lineas-de-accion\/conservacion-y-uso-sostenible-de-la-biodiversidad\/","title":{"rendered":"Conservation and sustainable use of biodiversity"},"content":{"rendered":"<div data-elementor-type=\"wp-page\" data-elementor-id=\"1183\" class=\"elementor elementor-1183\" data-elementor-post-type=\"page\">\n\t\t\t\t\t\t\t\t\t<section class=\"elementor-section elementor-top-section elementor-element elementor-element-faab899 elementor-section-full_width elementor-section-height-min-height elementor-section-height-default elementor-section-items-middle\" data-id=\"faab899\" data-element_type=\"section\" data-settings=\"{&quot;background_background&quot;:&quot;classic&quot;}\">\n\t\t\t\t\t\t<div class=\"elementor-container elementor-column-gap-no\">\n\t\t\t\t\t<div class=\"elementor-column elementor-col-100 elementor-top-column elementor-element elementor-element-732353e2\" data-id=\"732353e2\" data-element_type=\"column\">\n\t\t\t<div class=\"elementor-widget-wrap elementor-element-populated\">\n\t\t\t\t\t\t\t\t\t<\/div>\n\t\t<\/div>\n\t\t\t\t\t\t\t<\/div>\n\t\t<\/section>\n\t\t\t\t<section class=\"elementor-section elementor-top-section elementor-element elementor-element-4a59f687 elementor-section-full_width elementor-section-height-default elementor-section-height-default\" data-id=\"4a59f687\" data-element_type=\"section\">\n\t\t\t\t\t\t<div class=\"elementor-container elementor-column-gap-no\">\n\t\t\t\t\t<div class=\"elementor-column elementor-col-100 elementor-top-column elementor-element elementor-element-305cee45\" data-id=\"305cee45\" data-element_type=\"column\">\n\t\t\t<div class=\"elementor-widget-wrap\">\n\t\t\t\t\t\t\t\t\t<\/div>\n\t\t<\/div>\n\t\t\t\t\t\t\t<\/div>\n\t\t<\/section>\n\t\t\t\t<section class=\"elementor-section elementor-top-section elementor-element elementor-element-54f5341 elementor-section-boxed elementor-section-height-default elementor-section-height-default\" data-id=\"54f5341\" data-element_type=\"section\">\n\t\t\t\t\t\t<div class=\"elementor-container elementor-column-gap-default\">\n\t\t\t\t\t<div class=\"elementor-column elementor-col-50 elementor-top-column elementor-element elementor-element-510f597\" data-id=\"510f597\" data-element_type=\"column\">\n\t\t\t<div class=\"elementor-widget-wrap elementor-element-populated\">\n\t\t\t\t\t\t\t\t<div class=\"elementor-element elementor-element-ac3250a elementor-widget elementor-widget-heading\" data-id=\"ac3250a\" data-element_type=\"widget\" data-widget_type=\"heading.default\">\n\t\t\t\t<div class=\"elementor-widget-container\">\n\t\t\t<h2 class=\"elementor-heading-title elementor-size-default\">Conservation and sustainable use of biodiversity<\/h2>\t\t<\/div>\n\t\t\t\t<\/div>\n\t\t\t\t<div class=\"elementor-element elementor-element-2d37b3f elementor-widget elementor-widget-text-editor\" data-id=\"2d37b3f\" data-element_type=\"widget\" data-widget_type=\"text-editor.default\">\n\t\t\t\t<div class=\"elementor-widget-container\">\n\t\t\t\t\t\t\t<p>Under this line of action, the Foundation develops activities for designing and implementing natural resource management proposals, usually in collaboration with government entities with relevant competencies (such as Regional Autonomous Corporations, the Ministry of Environment and Sustainable Development, and National Natural Parks), always with a participatory and integrated approach, which includes the interests of the various stakeholders involved in the conservation and use of resources. Among the activities carried out are: the formulation of management plans for areas or species populations, the design of marine zoning schemes, the study of the environmental impact of engineering works, the regulation of tourism activities, the definition of fishery management measures, and the integrated management of watersheds.<\/p>\t\t\t\t\t\t<\/div>\n\t\t\t\t<\/div>\n\t\t\t\t\t<\/div>\n\t\t<\/div>\n\t\t\t\t<div class=\"elementor-column elementor-col-50 elementor-top-column elementor-element elementor-element-c75ddd8\" data-id=\"c75ddd8\" data-element_type=\"column\">\n\t\t\t<div class=\"elementor-widget-wrap elementor-element-populated\">\n\t\t\t\t\t\t\t\t<div class=\"elementor-element elementor-element-a95d15e elementor-widget elementor-widget-image\" data-id=\"a95d15e\" data-element_type=\"widget\" data-widget_type=\"image.default\">\n\t\t\t\t<div class=\"elementor-widget-container\">\n\t\t\t\t\t\t\t\t\t\t\t\t\t\t\t<img decoding=\"async\" loading=\"lazy\" width=\"1024\" height=\"768\" src=\"https:\/\/ecomares.org\/wp-content\/uploads\/2021\/03\/Canon-Gorgona-Playa-Blanca-0911-1024x768.jpg\" class=\"attachment-large size-large wp-image-1244\" alt=\"\" srcset=\"https:\/\/ecomares.org\/wp-content\/uploads\/2021\/03\/Canon-Gorgona-Playa-Blanca-0911-1024x768.jpg 1024w, https:\/\/ecomares.org\/wp-content\/uploads\/2021\/03\/Canon-Gorgona-Playa-Blanca-0911-300x225.jpg 300w, https:\/\/ecomares.org\/wp-content\/uploads\/2021\/03\/Canon-Gorgona-Playa-Blanca-0911-768x576.jpg 768w, https:\/\/ecomares.org\/wp-content\/uploads\/2021\/03\/Canon-Gorgona-Playa-Blanca-0911-1536x1152.jpg 1536w, https:\/\/ecomares.org\/wp-content\/uploads\/2021\/03\/Canon-Gorgona-Playa-Blanca-0911-2048x1536.jpg 2048w\" sizes=\"(max-width: 1024px) 100vw, 1024px\" \/>\t\t\t\t\t\t\t\t\t\t\t\t\t\t\t<\/div>\n\t\t\t\t<\/div>\n\t\t\t\t\t<\/div>\n\t\t<\/div>\n\t\t\t\t\t\t\t<\/div>\n\t\t<\/section>\n\t\t\t\t<section class=\"elementor-section elementor-top-section elementor-element elementor-element-013dd8d elementor-section-boxed elementor-section-height-default elementor-section-height-default\" data-id=\"013dd8d\" data-element_type=\"section\">\n\t\t\t\t\t\t<div class=\"elementor-container elementor-column-gap-default\">\n\t\t\t\t\t<div class=\"elementor-column elementor-col-100 elementor-top-column elementor-element elementor-element-99f7dc3\" data-id=\"99f7dc3\" data-element_type=\"column\">\n\t\t\t<div class=\"elementor-widget-wrap\">\n\t\t\t\t\t\t\t\t\t<\/div>\n\t\t<\/div>\n\t\t\t\t\t\t\t<\/div>\n\t\t<\/section>\n\t\t\t\t\t\t\t<\/div>","protected":false},"excerpt":{"rendered":"<p>Conservaci\u00f3n y uso sostenible de ls biodiversidad Bajo esta l\u00ednea de acci\u00f3n, en la Fundaci\u00f3n desarrollamos actividades de dise\u00f1o e implementaci\u00f3n de propuestas de manejo de recursos naturales, usualmente en colaboraci\u00f3n con entidades de gobierno con competencias en el tema (como Corporaciones Aut\u00f3nomas Regionales, el Ministerio de Ambiente y Desarrollo Sostenible y Parques Nacionales Naturales), &hellip;<\/p>\n<p class=\"read-more\"> <a class=\"\" href=\"https:\/\/ecomares.org\/en\/lineas-de-accion\/conservacion-y-uso-sostenible-de-la-biodiversidad\/\"> <span class=\"screen-reader-text\">Conservation and sustainable use of biodiversity<\/span> Read More &raquo;<\/a><\/p>","protected":false},"author":3,"featured_media":223,"parent":972,"menu_order":0,"comment_status":"closed","ping_status":"closed","template":"","meta":{"site-sidebar-layout":"no-sidebar","site-content-layout":"page-builder","ast-site-content-layout":"","site-content-style":"default","site-sidebar-style":"default","ast-global-header-display":"","ast-banner-title-visibility":"","ast-main-header-display":"","ast-hfb-above-header-display":"","ast-hfb-below-header-display":"","ast-hfb-mobile-header-display":"","site-post-title":"disabled","ast-breadcrumbs-content":"","ast-featured-img":"disabled","footer-sml-layout":"","theme-transparent-header-meta":"default","adv-header-id-meta":"","stick-header-meta":"","header-above-stick-meta":"","header-main-stick-meta":"","header-below-stick-meta":"","astra-migrate-meta-layouts":"","footnotes":""},"_links":{"self":[{"href":"https:\/\/ecomares.org\/en\/wp-json\/wp\/v2\/pages\/1183"}],"collection":[{"href":"https:\/\/ecomares.org\/en\/wp-json\/wp\/v2\/pages"}],"about":[{"href":"https:\/\/ecomares.org\/en\/wp-json\/wp\/v2\/types\/page"}],"author":[{"embeddable":true,"href":"https:\/\/ecomares.org\/en\/wp-json\/wp\/v2\/users\/3"}],"replies":[{"embeddable":true,"href":"https:\/\/ecomares.org\/en\/wp-json\/wp\/v2\/comments?post=1183"}],"version-history":[{"count":0,"href":"https:\/\/ecomares.org\/en\/wp-json\/wp\/v2\/pages\/1183\/revisions"}],"up":[{"embeddable":true,"href":"https:\/\/ecomares.org\/en\/wp-json\/wp\/v2\/pages\/972"}],"wp:featuredmedia":[{"embeddable":true,"href":"https:\/\/ecomares.org\/en\/wp-json\/wp\/v2\/media\/223"}],"wp:attachment":[{"href":"https:\/\/ecomares.org\/en\/wp-json\/wp\/v2\/media?parent=1183"}],"curies":[{"name":"wp","href":"https:\/\/api.w.org\/{rel}","templated":true}]}}