{"id":1179,"date":"2021-03-06T15:21:15","date_gmt":"2021-03-06T20:21:15","guid":{"rendered":"https:\/\/ecomares.org\/web\/?page_id=1179"},"modified":"2021-03-20T18:35:16","modified_gmt":"2021-03-20T23:35:16","slug":"investigacion-cientifica","status":"publish","type":"page","link":"https:\/\/ecomares.org\/en\/lineas-de-accion\/investigacion-cientifica\/","title":{"rendered":"Scientific Research"},"content":{"rendered":"<div data-elementor-type=\"wp-page\" data-elementor-id=\"1179\" class=\"elementor elementor-1179\" data-elementor-post-type=\"page\">\n\t\t\t\t\t\t\t\t\t<section class=\"elementor-section elementor-top-section elementor-element elementor-element-faab899 elementor-section-full_width elementor-section-height-min-height elementor-section-height-default elementor-section-items-middle\" data-id=\"faab899\" data-element_type=\"section\" data-settings=\"{&quot;background_background&quot;:&quot;classic&quot;}\">\n\t\t\t\t\t\t<div class=\"elementor-container elementor-column-gap-no\">\n\t\t\t\t\t<div class=\"elementor-column elementor-col-100 elementor-top-column elementor-element elementor-element-732353e2\" data-id=\"732353e2\" data-element_type=\"column\">\n\t\t\t<div class=\"elementor-widget-wrap elementor-element-populated\">\n\t\t\t\t\t\t\t\t\t<\/div>\n\t\t<\/div>\n\t\t\t\t\t\t\t<\/div>\n\t\t<\/section>\n\t\t\t\t<section class=\"elementor-section elementor-top-section elementor-element elementor-element-4a59f687 elementor-section-full_width elementor-section-height-default elementor-section-height-default\" data-id=\"4a59f687\" data-element_type=\"section\">\n\t\t\t\t\t\t<div class=\"elementor-container elementor-column-gap-no\">\n\t\t\t\t\t<div class=\"elementor-column elementor-col-100 elementor-top-column elementor-element elementor-element-305cee45\" data-id=\"305cee45\" data-element_type=\"column\">\n\t\t\t<div class=\"elementor-widget-wrap\">\n\t\t\t\t\t\t\t\t\t<\/div>\n\t\t<\/div>\n\t\t\t\t\t\t\t<\/div>\n\t\t<\/section>\n\t\t\t\t<section class=\"elementor-section elementor-top-section elementor-element elementor-element-54f5341 elementor-section-boxed elementor-section-height-default elementor-section-height-default\" data-id=\"54f5341\" data-element_type=\"section\">\n\t\t\t\t\t\t<div class=\"elementor-container elementor-column-gap-default\">\n\t\t\t\t\t<div class=\"elementor-column elementor-col-50 elementor-top-column elementor-element elementor-element-510f597\" data-id=\"510f597\" data-element_type=\"column\">\n\t\t\t<div class=\"elementor-widget-wrap elementor-element-populated\">\n\t\t\t\t\t\t\t\t<div class=\"elementor-element elementor-element-8729011 elementor-widget elementor-widget-heading\" data-id=\"8729011\" data-element_type=\"widget\" data-widget_type=\"heading.default\">\n\t\t\t\t<div class=\"elementor-widget-container\">\n\t\t\t<h2 class=\"elementor-heading-title elementor-size-default\">Scientific Research<\/h2>\t\t<\/div>\n\t\t\t\t<\/div>\n\t\t\t\t<div class=\"elementor-element elementor-element-cf23a17 elementor-widget elementor-widget-text-editor\" data-id=\"cf23a17\" data-element_type=\"widget\" data-widget_type=\"text-editor.default\">\n\t\t\t\t<div class=\"elementor-widget-container\">\n\t\t\t\t\t\t\t<p>The lack of scientifically valid information hinders or prevents proper decision-making regarding natural resource management. In order to help fill these information gaps, ECOMARES dedicates its efforts to the formulation, management, and execution of research projects on various aspects of marine biology and ecology, ranging from biological inventories to the characterization and analysis of ecological and evolutionary processes. Given the previous experience of the foundation's members, one of the research focuses is coral reefs and their associated species.<\/p>\t\t\t\t\t\t<\/div>\n\t\t\t\t<\/div>\n\t\t\t\t\t<\/div>\n\t\t<\/div>\n\t\t\t\t<div class=\"elementor-column elementor-col-50 elementor-top-column elementor-element elementor-element-c75ddd8\" data-id=\"c75ddd8\" data-element_type=\"column\">\n\t\t\t<div class=\"elementor-widget-wrap elementor-element-populated\">\n\t\t\t\t\t\t\t\t<div class=\"elementor-element elementor-element-a95d15e elementor-widget elementor-widget-image\" data-id=\"a95d15e\" data-element_type=\"widget\" data-widget_type=\"image.default\">\n\t\t\t\t<div class=\"elementor-widget-container\">\n\t\t\t\t\t\t\t\t\t\t\t\t\t\t\t<img decoding=\"async\" loading=\"lazy\" width=\"768\" height=\"432\" src=\"https:\/\/ecomares.org\/wp-content\/uploads\/2021\/03\/GH011148_1605210471844-01-01-1-768x432.jpeg\" class=\"attachment-medium_large size-medium_large wp-image-1311\" alt=\"Investigaci\u00f3n cient\u00edfica\" srcset=\"https:\/\/ecomares.org\/wp-content\/uploads\/2021\/03\/GH011148_1605210471844-01-01-1-768x432.jpeg 768w, https:\/\/ecomares.org\/wp-content\/uploads\/2021\/03\/GH011148_1605210471844-01-01-1-300x169.jpeg 300w, https:\/\/ecomares.org\/wp-content\/uploads\/2021\/03\/GH011148_1605210471844-01-01-1-1024x576.jpeg 1024w, https:\/\/ecomares.org\/wp-content\/uploads\/2021\/03\/GH011148_1605210471844-01-01-1-1536x864.jpeg 1536w, https:\/\/ecomares.org\/wp-content\/uploads\/2021\/03\/GH011148_1605210471844-01-01-1-2048x1152.jpeg 2048w\" sizes=\"(max-width: 768px) 100vw, 768px\" \/>\t\t\t\t\t\t\t\t\t\t\t\t\t\t\t<\/div>\n\t\t\t\t<\/div>\n\t\t\t\t\t<\/div>\n\t\t<\/div>\n\t\t\t\t\t\t\t<\/div>\n\t\t<\/section>\n\t\t\t\t\t\t\t<\/div>","protected":false},"excerpt":{"rendered":"<p>Investigaci\u00f3n cient\u00edfica La ausencia de informaci\u00f3n con validez cient\u00edfica dificulta o impide la adecuada toma de decisiones sobre el manejo de recursos naturales. Con el \u00e1nimo de contribuir a llenar los vac\u00edos de informaci\u00f3n, en ECOMARES dedicamos nuestros esfuerzos a la formulaci\u00f3n, gesti\u00f3n y ejecuci\u00f3n de proyectos de investigaci\u00f3n sobre diversos aspectos de biolog\u00eda y &hellip;<\/p>\n<p class=\"read-more\"> <a class=\"\" href=\"https:\/\/ecomares.org\/en\/lineas-de-accion\/investigacion-cientifica\/\"> <span class=\"screen-reader-text\">Scientific Research<\/span> Read More &raquo;<\/a><\/p>","protected":false},"author":3,"featured_media":223,"parent":972,"menu_order":0,"comment_status":"closed","ping_status":"closed","template":"","meta":{"site-sidebar-layout":"no-sidebar","site-content-layout":"page-builder","ast-site-content-layout":"","site-content-style":"default","site-sidebar-style":"default","ast-global-header-display":"","ast-banner-title-visibility":"","ast-main-header-display":"","ast-hfb-above-header-display":"","ast-hfb-below-header-display":"","ast-hfb-mobile-header-display":"","site-post-title":"disabled","ast-breadcrumbs-content":"","ast-featured-img":"disabled","footer-sml-layout":"","theme-transparent-header-meta":"default","adv-header-id-meta":"","stick-header-meta":"","header-above-stick-meta":"","header-main-stick-meta":"","header-below-stick-meta":"","astra-migrate-meta-layouts":"","footnotes":""},"_links":{"self":[{"href":"https:\/\/ecomares.org\/en\/wp-json\/wp\/v2\/pages\/1179"}],"collection":[{"href":"https:\/\/ecomares.org\/en\/wp-json\/wp\/v2\/pages"}],"about":[{"href":"https:\/\/ecomares.org\/en\/wp-json\/wp\/v2\/types\/page"}],"author":[{"embeddable":true,"href":"https:\/\/ecomares.org\/en\/wp-json\/wp\/v2\/users\/3"}],"replies":[{"embeddable":true,"href":"https:\/\/ecomares.org\/en\/wp-json\/wp\/v2\/comments?post=1179"}],"version-history":[{"count":0,"href":"https:\/\/ecomares.org\/en\/wp-json\/wp\/v2\/pages\/1179\/revisions"}],"up":[{"embeddable":true,"href":"https:\/\/ecomares.org\/en\/wp-json\/wp\/v2\/pages\/972"}],"wp:featuredmedia":[{"embeddable":true,"href":"https:\/\/ecomares.org\/en\/wp-json\/wp\/v2\/media\/223"}],"wp:attachment":[{"href":"https:\/\/ecomares.org\/en\/wp-json\/wp\/v2\/media?parent=1179"}],"curies":[{"name":"wp","href":"https:\/\/api.w.org\/{rel}","templated":true}]}}